{"id":27950,"date":"2022-03-02T10:02:30","date_gmt":"2022-03-02T09:02:30","guid":{"rendered":"https:\/\/tpctextile.com\/vara-kunder\/"},"modified":"2022-08-15T10:56:10","modified_gmt":"2022-08-15T08:56:10","slug":"vara-kunder","status":"publish","type":"page","link":"https:\/\/tpctextile.com\/sv\/vara-kunder\/","title":{"rendered":"V\u00e5ra Kunder"},"content":{"rendered":"<p>[et_pb_section fb_built=&#8221;1&#8243; use_custom_gutter=&#8221;on&#8221; gutter_width=&#8221;1&#8243; custom_padding_last_edited=&#8221;on|phone&#8221; admin_label=&#8221;Header&#8221; _builder_version=&#8221;4.17.0&#8243; background_color=&#8221;#FFFFFF&#8221; background_color_gradient_start=&#8221;#ffffff&#8221; background_color_gradient_end=&#8221;#f7f9fc&#8221; background_image=&#8221;https:\/\/tpctextile.com\/wp-content\/uploads\/2022\/03\/tools.jpg&#8221; parallax=&#8221;on&#8221; parallax_method=&#8221;off&#8221; custom_margin_tablet=&#8221;|20px||20px|false|true&#8221; custom_margin_phone=&#8221;|0px||0px|false|true&#8221; custom_margin_last_edited=&#8221;on|phone&#8221; custom_padding=&#8221;100px|0px|100px|0px|false|false&#8221; custom_padding_tablet=&#8221;100px|0px|100px|0px|false|false&#8221; custom_padding_phone=&#8221;50px||50px||true|false&#8221; global_colors_info=&#8221;{}&#8221;][et_pb_row custom_padding_last_edited=&#8221;on|phone&#8221; _builder_version=&#8221;4.16&#8243; _module_preset=&#8221;default&#8221; background_color=&#8221;#2d2d2d&#8221; custom_margin_tablet=&#8221;||0px||false|false&#8221; custom_margin_phone=&#8221;||||false|false&#8221; custom_margin_last_edited=&#8221;on|phone&#8221; custom_padding=&#8221;60px|60px||60px|false|true&#8221; custom_padding_tablet=&#8221;||0px||false|false&#8221; custom_padding_phone=&#8221;|20px|0px|20px|false|true&#8221; global_colors_info=&#8221;{}&#8221;][et_pb_column type=&#8221;4_4&#8243; _builder_version=&#8221;4.16&#8243; _module_preset=&#8221;default&#8221; global_colors_info=&#8221;{}&#8221;][et_pb_text _builder_version=&#8221;4.17.6&#8243; text_font=&#8221;||||||||&#8221; text_line_height=&#8221;2em&#8221; header_font=&#8221;Poppins|200|||||||&#8221; header_text_color=&#8221;#FFFFFF&#8221; header_font_size=&#8221;40px&#8221; header_line_height=&#8221;1.4em&#8221; header_2_font=&#8221;Poppins|200|||||||&#8221; header_2_text_color=&#8221;#FFFFFF&#8221; header_2_font_size=&#8221;20px&#8221; header_2_line_height=&#8221;1.5em&#8221; custom_margin=&#8221;||40px&#8221; custom_padding_tablet=&#8221;&#8221; custom_padding_phone=&#8221;|0px||0px|false|true&#8221; custom_padding_last_edited=&#8221;on|phone&#8221; header_font_size_tablet=&#8221;40px&#8221; header_font_size_phone=&#8221;30px&#8221; header_font_size_last_edited=&#8221;on|desktop&#8221; header_2_font_size_tablet=&#8221;20px&#8221; header_2_font_size_phone=&#8221;20px&#8221; header_2_font_size_last_edited=&#8221;on|desktop&#8221; locked=&#8221;off&#8221; global_colors_info=&#8221;{}&#8221;]<\/p>\n<h1><span style=\"color: #ffffff;\">V\u00e5ra <strong>Kunder<\/strong><\/span><\/h1>\n<h2>V\u00e5ra kunder f\u00f6rv\u00e4ntar sig och v\u00e4rdes\u00e4tter att vi tillhandah\u00e5ller kundsekretess.<\/h2>\n<p>[\/et_pb_text][et_pb_divider color=&#8221;#7c7c7c&#8221; _builder_version=&#8221;4.17.0&#8243; _module_preset=&#8221;default&#8221; width=&#8221;50%&#8221; module_alignment=&#8221;left&#8221; custom_padding_tablet=&#8221;&#8221; custom_padding_phone=&#8221;||0px||false|false&#8221; custom_padding_last_edited=&#8221;on|phone&#8221; animation_style=&#8221;slide&#8221; locked=&#8221;off&#8221; global_colors_info=&#8221;{}&#8221;][\/et_pb_divider][\/et_pb_column][\/et_pb_row][et_pb_row custom_padding_last_edited=&#8221;on|phone&#8221; _builder_version=&#8221;4.17.0&#8243; _module_preset=&#8221;default&#8221; background_color=&#8221;#2d2d2d&#8221; custom_padding=&#8221;|60px|60px|60px|false|true&#8221; custom_padding_tablet=&#8221;|60px||60px|false|true&#8221; custom_padding_phone=&#8221;|20px||20px|false|true&#8221; global_colors_info=&#8221;{}&#8221;][et_pb_column type=&#8221;4_4&#8243; _builder_version=&#8221;4.16&#8243; _module_preset=&#8221;default&#8221; background_color=&#8221;#FFFFFF&#8221; global_colors_info=&#8221;{}&#8221;][et_pb_text _builder_version=&#8221;4.18.0&#8243; _module_preset=&#8221;default&#8221; text_text_color=&#8221;#d8d8d8&#8243; text_line_height=&#8221;1.8em&#8221; link_font=&#8221;||||on||||&#8221; link_text_color=&#8221;#FFFFFF&#8221; background_color=&#8221;#2D2D2D&#8221; custom_margin_tablet=&#8221;&#8221; custom_margin_phone=&#8221;-50px||||false|false&#8221; custom_margin_last_edited=&#8221;on|phone&#8221; custom_padding=&#8221;||||false|false&#8221; custom_padding_tablet=&#8221;20px|20px|50px||false|false&#8221; custom_padding_phone=&#8221;|20px|50px|0px|false|false&#8221; custom_padding_last_edited=&#8221;on|phone&#8221; hover_enabled=&#8221;0&#8243; global_colors_info=&#8221;{}&#8221; sticky_enabled=&#8221;0&#8243;]<\/p>\n<p class=\"p1\">Vi behandlar alla v\u00e5ra kunder med st\u00f6rsta konfidentialitet och respekt i v\u00e5r f\u00f6rst\u00e5else av modebranschen.<span class=\"Apple-converted-space\"> <\/span><\/p>\n<p class=\"p1\">V\u00e5ra kunder \u00e4r ledande och framst\u00e5ende varum\u00e4rken inom mode, barnkl\u00e4der, sportkl\u00e4der och arbetskl\u00e4der, baserade i Skandinavien, Europa och Nordamerika och vi ut\u00f6kar kontinuerligt v\u00e5r kapacitet och kundbas.<span class=\"Apple-converted-space\"> <\/span><\/p>\n<p class=\"p1\">N\u00e4r du anlitar oss \u200b\u200b\u00e4r ditt f\u00f6retag, varum\u00e4rke, design och kollektioner i trygga h\u00e4nder och sekretess \u00e4r f\u00f6r oss en sj\u00e4lvklarhet.<\/p>\n<p class=\"p1\">Vi \u00e4r dock helt transparenta n\u00e4r det kommer till v\u00e5r egen aff\u00e4rsverksamhet och vilka producenter vi samarbetar med.<\/p>\n<p class=\"p1\">V\u00e5ra producenter \u00e4r i sin tur ocks\u00e5 \u00f6ppna och ger oss insyn i sin verksamhet s\u00e5 att vi kan se till att kvalitet genomsyrar varje steg p\u00e5 v\u00e4gen: ink\u00f6p av produkter, material, arbetsnormer, arbetsetik, arbetsvillkor, h\u00e5llbarhet, h\u00e4lsa, s\u00e4kerhet och produktion.<\/p>\n<p class=\"p1\"><span class=\"Apple-converted-space\">Integritet, respekt, kvalitet och lojalitet har visat sig vara v\u00e5r vinnande formel f\u00f6r l\u00e5ngsiktighet och framg\u00e5ng sedan b\u00f6rjan av 90-talet och anledningen till att v\u00e5ra kunder b\u00e5de v\u00e4ljer oss och stannar hos oss.<\/span><\/p>\n<p class=\"p1\"><a href=\"https:\/\/tpctextile.com\/sv\/kontakt\/\">Kontakta oss g\u00e4rna om du vill veta mer.<\/a><\/p>\n<p>[\/et_pb_text][\/et_pb_column][\/et_pb_row][\/et_pb_section][et_pb_section fb_built=&#8221;1&#8243; custom_padding_last_edited=&#8221;on|phone&#8221; _builder_version=&#8221;4.16&#8243; _module_preset=&#8221;default&#8221; background_color=&#8221;#474747&#8243; custom_margin_tablet=&#8221;&#8221; custom_margin_phone=&#8221;|0px||0px|false|true&#8221; custom_margin_last_edited=&#8221;on|phone&#8221; custom_padding=&#8221;0px||||false|false&#8221; custom_padding_tablet=&#8221;0px||||false|false&#8221; custom_padding_phone=&#8221;0px|0px||0px|false|true&#8221; border_width_top=&#8221;2px&#8221; border_color_top=&#8221;#878787&#8243; border_style_top=&#8221;dashed&#8221; saved_tabs=&#8221;all&#8221; global_colors_info=&#8221;{}&#8221;][et_pb_row column_structure=&#8221;1_5,1_5,1_5,1_5,1_5&#8243; use_custom_gutter=&#8221;on&#8221; gutter_width=&#8221;2&#8243; custom_padding_last_edited=&#8221;on|phone&#8221; _builder_version=&#8221;4.16&#8243; _module_preset=&#8221;default&#8221; custom_padding=&#8221;||20px||false|false&#8221; custom_padding_tablet=&#8221;&#8221; custom_padding_phone=&#8221;|0px|20px|0px|false|true&#8221; border_width_bottom=&#8221;1px&#8221; border_color_bottom=&#8221;#777777&#8243; border_style_bottom=&#8221;dashed&#8221; global_colors_info=&#8221;{}&#8221;][et_pb_column type=&#8221;1_5&#8243; _builder_version=&#8221;4.16&#8243; _module_preset=&#8221;default&#8221; global_colors_info=&#8221;{}&#8221;][\/et_pb_column][et_pb_column type=&#8221;1_5&#8243; _builder_version=&#8221;4.16&#8243; _module_preset=&#8221;default&#8221; global_colors_info=&#8221;{}&#8221;][et_pb_image src=&#8221;https:\/\/tpctextile.com\/wp-content\/uploads\/2022\/03\/TPC-logo_w.png&#8221; url=&#8221;\/&#8221; align=&#8221;center&#8221; align_tablet=&#8221;center&#8221; align_phone=&#8221;&#8221; align_last_edited=&#8221;on|tablet&#8221; _builder_version=&#8221;4.16&#8243; _module_preset=&#8221;default&#8221; width=&#8221;80%&#8221; width_tablet=&#8221;30%&#8221; width_phone=&#8221;40%&#8221; width_last_edited=&#8221;on|phone&#8221; module_alignment=&#8221;center&#8221; animation_style=&#8221;fold&#8221; animation_duration=&#8221;1550ms&#8221; animation_intensity_fold=&#8221;20%&#8221; global_colors_info=&#8221;{}&#8221;][\/et_pb_image][\/et_pb_column][et_pb_column type=&#8221;1_5&#8243; _builder_version=&#8221;4.16&#8243; _module_preset=&#8221;default&#8221; global_colors_info=&#8221;{}&#8221;][et_pb_button button_url=&#8221;https:\/\/tpctextile.com\/sv\/kontakt\/&#8221; button_text=&#8221;Kontaktuppgifter&#8221; button_alignment=&#8221;center&#8221; _builder_version=&#8221;4.16&#8243; _module_preset=&#8221;default&#8221; custom_button=&#8221;on&#8221; button_text_size=&#8221;16px&#8221; button_text_color=&#8221;#FFFFFF&#8221; button_bg_color=&#8221;RGBA(255,255,255,0)&#8221; button_border_width=&#8221;0px&#8221; button_on_hover=&#8221;off&#8221; custom_margin=&#8221;20px||||false|false&#8221; custom_padding_tablet=&#8221;&#8221; custom_padding_phone=&#8221;|20px||20px|false|true&#8221; custom_padding_last_edited=&#8221;on|phone&#8221; button_on_hover_tablet=&#8221;&#8221; button_on_hover_phone=&#8221;on&#8221; button_on_hover_last_edited=&#8221;on|phone&#8221; global_colors_info=&#8221;{}&#8221; button_bg_color__hover_enabled=&#8221;on|hover&#8221; button_bg_color__hover=&#8221;#000000&#8243; button_bg_enable_color__hover=&#8221;on&#8221;][\/et_pb_button][\/et_pb_column][et_pb_column type=&#8221;1_5&#8243; _builder_version=&#8221;4.16&#8243; _module_preset=&#8221;default&#8221; global_colors_info=&#8221;{}&#8221;][et_pb_social_media_follow icon_color=&#8221;#FFFFFF&#8221; use_icon_font_size=&#8221;on&#8221; icon_font_size=&#8221;30px&#8221; _builder_version=&#8221;4.16&#8243; _module_preset=&#8221;default&#8221; text_orientation=&#8221;center&#8221; global_colors_info=&#8221;{}&#8221;][et_pb_social_media_follow_network social_network=&#8221;linkedin&#8221; url=&#8221;https:\/\/www.linkedin.com\/company\/tpc-textile-ab&#8221; use_icon_font_size=&#8221;on&#8221; icon_font_size=&#8221;40px&#8221; _builder_version=&#8221;4.16&#8243; _module_preset=&#8221;default&#8221; background_enable_color=&#8221;off&#8221; global_colors_info=&#8221;{}&#8221; follow_button=&#8221;off&#8221; url_new_window=&#8221;on&#8221;]linkedin[\/et_pb_social_media_follow_network][\/et_pb_social_media_follow][\/et_pb_column][et_pb_column type=&#8221;1_5&#8243; _builder_version=&#8221;4.16&#8243; _module_preset=&#8221;default&#8221; global_colors_info=&#8221;{}&#8221;][\/et_pb_column][\/et_pb_row][et_pb_row _builder_version=&#8221;4.16&#8243; _module_preset=&#8221;default&#8221; custom_padding=&#8221;20px||0px||false|false&#8221; global_colors_info=&#8221;{}&#8221;][et_pb_column type=&#8221;4_4&#8243; _builder_version=&#8221;4.16&#8243; _module_preset=&#8221;default&#8221; global_colors_info=&#8221;{}&#8221;][et_pb_text _builder_version=&#8221;4.16&#8243; _module_preset=&#8221;default&#8221; text_text_color=&#8221;#eaeaea&#8221; link_font=&#8221;|600|||on||||&#8221; link_text_color=&#8221;#FFFFFF&#8221; global_colors_info=&#8221;{}&#8221;]<\/p>\n<p style=\"text-align: center;\"><span><strong>Se till att alltid f\u00e5 v\u00e5ra senaste nyheter.<\/strong> Prenumenera p\u00e5 v\u00e5ra TPC Nyhetsbrev genom att skicka att e-postmeddelande <a href=\"mailto:helene.lerner@tpctextile.se\">via denna l\u00e4nk<\/a><\/span><\/p>\n<p>[\/et_pb_text][\/et_pb_column][\/et_pb_row][\/et_pb_section]<\/p>\n","protected":false},"excerpt":{"rendered":"<p>V\u00e5ra Kunder V\u00e5ra kunder f\u00f6rv\u00e4ntar sig och v\u00e4rdes\u00e4tter att vi tillhandah\u00e5ller kundsekretess.Vi behandlar alla v\u00e5ra kunder med st\u00f6rsta konfidentialitet och respekt i v\u00e5r f\u00f6rst\u00e5else av modebranschen. V\u00e5ra kunder \u00e4r ledande och framst\u00e5ende varum\u00e4rken inom mode, barnkl\u00e4der, sportkl\u00e4der och arbetskl\u00e4der, baserade i Skandinavien, Europa och Nordamerika och vi ut\u00f6kar kontinuerligt v\u00e5r kapacitet och kundbas. N\u00e4r du [&hellip;]<\/p>\n","protected":false},"author":2,"featured_media":0,"parent":0,"menu_order":0,"comment_status":"closed","ping_status":"closed","template":"","meta":{"_et_pb_use_builder":"on","_et_pb_old_content":"","_et_gb_content_width":""},"yoast_head":"<!-- This site is optimized with the Yoast SEO plugin v20.6 - https:\/\/yoast.com\/wordpress\/plugins\/seo\/ -->\n<title>TPC Kunder | TPC Textile Production Company<\/title>\n<meta name=\"description\" content=\"Integritet, respekt, kvalitet och lojalitet, en vinnande formel f\u00f6r l\u00e5ng livsl\u00e4ngd och framg\u00e5ng. Anledningen till att v\u00e5ra kunder v\u00e4ljer och stannar med oss p\u00e5 TPC. Klicka h\u00e4r och l\u00e4s vidare.\" \/>\n<meta name=\"robots\" content=\"index, follow, max-snippet:-1, max-image-preview:large, max-video-preview:-1\" \/>\n<link rel=\"canonical\" href=\"https:\/\/tpctextile.com\/sv\/vara-kunder\/\" \/>\n<meta property=\"og:locale\" content=\"sv_SE\" \/>\n<meta property=\"og:type\" content=\"article\" \/>\n<meta property=\"og:title\" content=\"TPC Kunder | TPC Textile Production Company\" \/>\n<meta property=\"og:description\" content=\"Integritet, respekt, kvalitet och lojalitet, en vinnande formel f\u00f6r l\u00e5ng livsl\u00e4ngd och framg\u00e5ng. Anledningen till att v\u00e5ra kunder v\u00e4ljer och stannar med oss p\u00e5 TPC. Klicka h\u00e4r och l\u00e4s vidare.\" \/>\n<meta property=\"og:url\" content=\"https:\/\/tpctextile.com\/sv\/vara-kunder\/\" \/>\n<meta property=\"og:site_name\" content=\"TPC Textile\" \/>\n<meta property=\"article:modified_time\" content=\"2022-08-15T08:56:10+00:00\" \/>\n<meta name=\"twitter:card\" content=\"summary_large_image\" \/>\n<meta name=\"twitter:label1\" content=\"Ber\u00e4knad l\u00e4stid\" \/>\n\t<meta name=\"twitter:data1\" content=\"6 minuter\" \/>\n<script type=\"application\/ld+json\" class=\"yoast-schema-graph\">{\"@context\":\"https:\/\/schema.org\",\"@graph\":[{\"@type\":\"WebPage\",\"@id\":\"https:\/\/tpctextile.com\/sv\/vara-kunder\/\",\"url\":\"https:\/\/tpctextile.com\/sv\/vara-kunder\/\",\"name\":\"TPC Kunder | TPC Textile Production Company\",\"isPartOf\":{\"@id\":\"https:\/\/tpctextile.com\/sv\/#website\"},\"datePublished\":\"2022-03-02T09:02:30+00:00\",\"dateModified\":\"2022-08-15T08:56:10+00:00\",\"description\":\"Integritet, respekt, kvalitet och lojalitet, en vinnande formel f\u00f6r l\u00e5ng livsl\u00e4ngd och framg\u00e5ng. Anledningen till att v\u00e5ra kunder v\u00e4ljer och stannar med oss p\u00e5 TPC. Klicka h\u00e4r och l\u00e4s vidare.\",\"breadcrumb\":{\"@id\":\"https:\/\/tpctextile.com\/sv\/vara-kunder\/#breadcrumb\"},\"inLanguage\":\"sv-SE\",\"potentialAction\":[{\"@type\":\"ReadAction\",\"target\":[\"https:\/\/tpctextile.com\/sv\/vara-kunder\/\"]}]},{\"@type\":\"BreadcrumbList\",\"@id\":\"https:\/\/tpctextile.com\/sv\/vara-kunder\/#breadcrumb\",\"itemListElement\":[{\"@type\":\"ListItem\",\"position\":1,\"name\":\"Home\",\"item\":\"https:\/\/tpctextile.com\/sv\/\"},{\"@type\":\"ListItem\",\"position\":2,\"name\":\"V\u00e5ra Kunder\"}]},{\"@type\":\"WebSite\",\"@id\":\"https:\/\/tpctextile.com\/sv\/#website\",\"url\":\"https:\/\/tpctextile.com\/sv\/\",\"name\":\"TPC Textile\",\"description\":\"Manufacturer of quality clothes \",\"potentialAction\":[{\"@type\":\"SearchAction\",\"target\":{\"@type\":\"EntryPoint\",\"urlTemplate\":\"https:\/\/tpctextile.com\/sv\/?s={search_term_string}\"},\"query-input\":\"required name=search_term_string\"}],\"inLanguage\":\"sv-SE\"}]}<\/script>\n<!-- \/ Yoast SEO plugin. -->","yoast_head_json":{"title":"TPC Kunder | TPC Textile Production Company","description":"Integritet, respekt, kvalitet och lojalitet, en vinnande formel f\u00f6r l\u00e5ng livsl\u00e4ngd och framg\u00e5ng. Anledningen till att v\u00e5ra kunder v\u00e4ljer och stannar med oss p\u00e5 TPC. Klicka h\u00e4r och l\u00e4s vidare.","robots":{"index":"index","follow":"follow","max-snippet":"max-snippet:-1","max-image-preview":"max-image-preview:large","max-video-preview":"max-video-preview:-1"},"canonical":"https:\/\/tpctextile.com\/sv\/vara-kunder\/","og_locale":"sv_SE","og_type":"article","og_title":"TPC Kunder | TPC Textile Production Company","og_description":"Integritet, respekt, kvalitet och lojalitet, en vinnande formel f\u00f6r l\u00e5ng livsl\u00e4ngd och framg\u00e5ng. Anledningen till att v\u00e5ra kunder v\u00e4ljer och stannar med oss p\u00e5 TPC. Klicka h\u00e4r och l\u00e4s vidare.","og_url":"https:\/\/tpctextile.com\/sv\/vara-kunder\/","og_site_name":"TPC Textile","article_modified_time":"2022-08-15T08:56:10+00:00","twitter_card":"summary_large_image","twitter_misc":{"Ber\u00e4knad l\u00e4stid":"6 minuter"},"schema":{"@context":"https:\/\/schema.org","@graph":[{"@type":"WebPage","@id":"https:\/\/tpctextile.com\/sv\/vara-kunder\/","url":"https:\/\/tpctextile.com\/sv\/vara-kunder\/","name":"TPC Kunder | TPC Textile Production Company","isPartOf":{"@id":"https:\/\/tpctextile.com\/sv\/#website"},"datePublished":"2022-03-02T09:02:30+00:00","dateModified":"2022-08-15T08:56:10+00:00","description":"Integritet, respekt, kvalitet och lojalitet, en vinnande formel f\u00f6r l\u00e5ng livsl\u00e4ngd och framg\u00e5ng. Anledningen till att v\u00e5ra kunder v\u00e4ljer och stannar med oss p\u00e5 TPC. Klicka h\u00e4r och l\u00e4s vidare.","breadcrumb":{"@id":"https:\/\/tpctextile.com\/sv\/vara-kunder\/#breadcrumb"},"inLanguage":"sv-SE","potentialAction":[{"@type":"ReadAction","target":["https:\/\/tpctextile.com\/sv\/vara-kunder\/"]}]},{"@type":"BreadcrumbList","@id":"https:\/\/tpctextile.com\/sv\/vara-kunder\/#breadcrumb","itemListElement":[{"@type":"ListItem","position":1,"name":"Home","item":"https:\/\/tpctextile.com\/sv\/"},{"@type":"ListItem","position":2,"name":"V\u00e5ra Kunder"}]},{"@type":"WebSite","@id":"https:\/\/tpctextile.com\/sv\/#website","url":"https:\/\/tpctextile.com\/sv\/","name":"TPC Textile","description":"Manufacturer of quality clothes ","potentialAction":[{"@type":"SearchAction","target":{"@type":"EntryPoint","urlTemplate":"https:\/\/tpctextile.com\/sv\/?s={search_term_string}"},"query-input":"required name=search_term_string"}],"inLanguage":"sv-SE"}]}},"_links":{"self":[{"href":"https:\/\/tpctextile.com\/sv\/wp-json\/wp\/v2\/pages\/27950"}],"collection":[{"href":"https:\/\/tpctextile.com\/sv\/wp-json\/wp\/v2\/pages"}],"about":[{"href":"https:\/\/tpctextile.com\/sv\/wp-json\/wp\/v2\/types\/page"}],"author":[{"embeddable":true,"href":"https:\/\/tpctextile.com\/sv\/wp-json\/wp\/v2\/users\/2"}],"replies":[{"embeddable":true,"href":"https:\/\/tpctextile.com\/sv\/wp-json\/wp\/v2\/comments?post=27950"}],"version-history":[{"count":10,"href":"https:\/\/tpctextile.com\/sv\/wp-json\/wp\/v2\/pages\/27950\/revisions"}],"predecessor-version":[{"id":30965,"href":"https:\/\/tpctextile.com\/sv\/wp-json\/wp\/v2\/pages\/27950\/revisions\/30965"}],"wp:attachment":[{"href":"https:\/\/tpctextile.com\/sv\/wp-json\/wp\/v2\/media?parent=27950"}],"curies":[{"name":"wp","href":"https:\/\/api.w.org\/{rel}","templated":true}]}}